{"id":43,"date":"2026-01-09T20:42:40","date_gmt":"2026-01-09T20:42:40","guid":{"rendered":"\/?page_id=43"},"modified":"2026-02-12T14:11:04","modified_gmt":"2026-02-12T14:11:04","slug":"bio","status":"publish","type":"page","link":"\/?page_id=43","title":{"rendered":"Biografie"},"content":{"rendered":"\n<div class=\"wp-block-columns alignwide is-layout-flex wp-container-core-columns-is-layout-28f84493 wp-block-columns-is-layout-flex\">\n<div class=\"wp-block-column is-layout-flow wp-block-column-is-layout-flow\" style=\"flex-basis:100%\">\n<p>(DE)<\/p>\n\n\n\n<p>Marietta Krampitz arbeitet haupts\u00e4chlich im Bereich der abstrakten Malerei, der sich durch eine intensive Auseinandersetzung mit aufgenommenen Reizen und der Umwelt auszeichnet. Zus\u00e4tzlich zur Malerei setzt sie sich seit Beginn ihres Studiums im Jahr 2022 an der Universit\u00e4t der K\u00fcnste Berlin mit unterschiedlichen Drucktechniken auseinander. In ihrem k\u00fcnstlerischen Prozess erforscht sie mithilfe von Skizzen, Fotografien und Druckverfahren ihre Umwelt in jeglicher Beschaffenheit. Oberfl\u00e4chen, Strukturen und Auspr\u00e4gungen unterschiedlichster Gegenst\u00e4nde werden analysiert und abstrahiert sowie emotionale Reaktionen zu Papier gebracht. Dabei entsteht ein Dialog zwischen dem Subjekt und der Umwelt. Ziel ist eine Sensibilisierung der Sinneseindr\u00fccke, in dem es um einen konstanten Austausch zwischen den eigenen Eindr\u00fccken und den \u00e4u\u00dferen Einfl\u00fcssen geht.<\/p>\n\n\n\n<p>(EN)<\/p>\n\n\n\n<p>Marietta Krampitz works primarily in the field of abstract painting, characterized by an intensive engagement with perceived stimuli and the surrounding environment. In addition to painting, she has been working with various printmaking techniques since the beginning of her studies at the Berlin University of the Arts in 2022. In her artistic process, she explores her environment in all its material qualities through sketches, photographs, and printing processes. Surfaces, structures, and the characteristics of various objects are analyzed and abstracted, while emotional responses are translated onto paper. This creates a dialogue between the subject and the environment. The aim is to heighten sensory awareness through a continuous exchange between personal impressions and external influences.<\/p>\n\n\n\n<p>(Stand 2026)<\/p>\n<\/div>\n<\/div>\n","protected":false},"excerpt":{"rendered":"<p>(DE) Marietta Krampitz arbeitet haupts\u00e4chlich im Bereich der abstrakten Malerei, der sich durch eine intensive Auseinandersetzung mit aufgenommenen Reizen und der Umwelt auszeichnet. Zus\u00e4tzlich zur Malerei setzt sie sich seit Beginn ihres Studiums im Jahr 2022 an der Universit\u00e4t der K\u00fcnste Berlin mit unterschiedlichen Drucktechniken auseinander. In ihrem k\u00fcnstlerischen Prozess erforscht sie mithilfe von Skizzen, [&hellip;]<\/p>\n","protected":false},"author":2,"featured_media":0,"parent":0,"menu_order":0,"comment_status":"closed","ping_status":"closed","template":"","meta":{"footnotes":""},"class_list":["post-43","page","type-page","status-publish","hentry"],"_links":{"self":[{"href":"\/index.php?rest_route=\/wp\/v2\/pages\/43","targetHints":{"allow":["GET"]}}],"collection":[{"href":"\/index.php?rest_route=\/wp\/v2\/pages"}],"about":[{"href":"\/index.php?rest_route=\/wp\/v2\/types\/page"}],"author":[{"embeddable":true,"href":"\/index.php?rest_route=\/wp\/v2\/users\/2"}],"replies":[{"embeddable":true,"href":"\/index.php?rest_route=%2Fwp%2Fv2%2Fcomments&post=43"}],"version-history":[{"count":10,"href":"\/index.php?rest_route=\/wp\/v2\/pages\/43\/revisions"}],"predecessor-version":[{"id":268,"href":"\/index.php?rest_route=\/wp\/v2\/pages\/43\/revisions\/268"}],"wp:attachment":[{"href":"\/index.php?rest_route=%2Fwp%2Fv2%2Fmedia&parent=43"}],"curies":[{"name":"wp","href":"https:\/\/api.w.org\/{rel}","templated":true}]}}